{"id":3382,"date":"2026-02-27T10:27:11","date_gmt":"2026-02-27T10:27:11","guid":{"rendered":"https:\/\/dw502-rybina-stes.pl\/?page_id=3382"},"modified":"2026-02-27T10:27:11","modified_gmt":"2026-02-27T10:27:11","slug":"zatwierdzenie-projektu-robot-geologicznych-w-celu-okreslenia-warunkow-hydrogeologicznych","status":"publish","type":"page","link":"https:\/\/dw502-rybina-stes.pl\/?page_id=3382","title":{"rendered":"Zatwierdzenie projektu rob\u00f3t geologicznych w celu okre\u015blenia warunk\u00f3w hydrogeologicznych"},"content":{"rendered":"<p>Starosta Nowodworski 4 lutego 2026 zatwierdzi\u0142 Projekt rob\u00f3t geologicznych w celu okre\u015blenia warunk\u00f3w hydrogeologicznych,\u00a0 w zwi\u0105zku z zamierzonym wykonaniem przedsi\u0119wzi\u0119\u0107 mog\u0105cych negatywnie oddzia\u0142ywa\u0107 na wody podziemne, w tym powodowa\u0107 ich zanieczyszczenie w pobli\u017cy inwestycji pod nazw\u0105 pn. \u201cBudowa nowego odcinka DW502 wraz z przepraw\u0105 mostow\u0105, omijaj\u0105cego zabytkowe mosty zwodzone w Rybinie\u201d (STE\u015a Etap II).<\/p>\n","protected":false},"excerpt":{"rendered":"<p>Starosta Nowodworski 4 lutego 2026 zatwierdzi\u0142 Projekt rob\u00f3t geologicznych w celu okre\u015blenia warunk\u00f3w hydrogeologicznych,\u00a0 w zwi\u0105zku z zamierzonym wykonaniem przedsi\u0119wzi\u0119\u0107 mog\u0105cych negatywnie oddzia\u0142ywa\u0107 na wody podziemne, w tym powodowa\u0107 ich zanieczyszczenie w pobli\u017cy inwestycji pod nazw\u0105 pn. \u201cBudowa nowego odcinka DW502 wraz z przepraw\u0105 mostow\u0105, omijaj\u0105cego zabytkowe mosty zwodzone w<a class=\"moretag\" href=\"https:\/\/dw502-rybina-stes.pl\/?page_id=3382\"> Czytaj dalej<\/a><\/p>\n","protected":false},"author":2,"featured_media":0,"parent":0,"menu_order":0,"comment_status":"closed","ping_status":"closed","template":"","meta":{"footnotes":""},"class_list":["post-3382","page","type-page","status-publish","hentry"],"_links":{"self":[{"href":"https:\/\/dw502-rybina-stes.pl\/index.php?rest_route=\/wp\/v2\/pages\/3382"}],"collection":[{"href":"https:\/\/dw502-rybina-stes.pl\/index.php?rest_route=\/wp\/v2\/pages"}],"about":[{"href":"https:\/\/dw502-rybina-stes.pl\/index.php?rest_route=\/wp\/v2\/types\/page"}],"author":[{"embeddable":true,"href":"https:\/\/dw502-rybina-stes.pl\/index.php?rest_route=\/wp\/v2\/users\/2"}],"replies":[{"embeddable":true,"href":"https:\/\/dw502-rybina-stes.pl\/index.php?rest_route=%2Fwp%2Fv2%2Fcomments&post=3382"}],"version-history":[{"count":1,"href":"https:\/\/dw502-rybina-stes.pl\/index.php?rest_route=\/wp\/v2\/pages\/3382\/revisions"}],"predecessor-version":[{"id":3383,"href":"https:\/\/dw502-rybina-stes.pl\/index.php?rest_route=\/wp\/v2\/pages\/3382\/revisions\/3383"}],"wp:attachment":[{"href":"https:\/\/dw502-rybina-stes.pl\/index.php?rest_route=%2Fwp%2Fv2%2Fmedia&parent=3382"}],"curies":[{"name":"wp","href":"https:\/\/api.w.org\/{rel}","templated":true}]}}